{"id":761,"date":"2020-08-18T08:25:51","date_gmt":"2020-08-18T08:25:51","guid":{"rendered":"https:\/\/wiliete.com\/credito\/?page_id=761"},"modified":"2020-08-18T08:30:45","modified_gmt":"2020-08-18T08:30:45","slug":"micro-tech","status":"publish","type":"page","link":"https:\/\/wiliete.com\/credito\/?page_id=761","title":{"rendered":"Micro Tech"},"content":{"rendered":"\n<figure class=\"wp-block-image size-large\"><img fetchpriority=\"high\" decoding=\"async\" width=\"1024\" height=\"853\" src=\"https:\/\/wiliete.com\/credito\/wp-content\/uploads\/2020\/08\/Micro-Tech-1024x853.jpeg\" alt=\"\" class=\"wp-image-764\" srcset=\"https:\/\/wiliete.com\/credito\/wp-content\/uploads\/2020\/08\/Micro-Tech-1024x853.jpeg 1024w, https:\/\/wiliete.com\/credito\/wp-content\/uploads\/2020\/08\/Micro-Tech-300x250.jpeg 300w, https:\/\/wiliete.com\/credito\/wp-content\/uploads\/2020\/08\/Micro-Tech-768x640.jpeg 768w, https:\/\/wiliete.com\/credito\/wp-content\/uploads\/2020\/08\/Micro-Tech.jpeg 1200w\" sizes=\"(max-width: 1024px) 100vw, 1024px\" \/><\/figure>\n\n\n<p style=\"text-align: justify;\">Cr\u00e9dito destinado aos microempres\u00e1rios que pretendam investir no desenvolvimento de Softwares e tecnologias diversas.<\/p>\n<p style=\"text-align: justify;\"><strong>Segmento:<\/strong> Particulares e Empresas<\/p>\n<p style=\"text-align: justify;\"><strong>Perfil do Benefici\u00e1rio:<\/strong> Ter idade igual ou superior \u00e0 18 anos; apresentar uma iniciativa empreendedora; apresentar estudo de viabilidade econ\u00f3mica e financeira; apresentar hist\u00f3rico ou experi\u00eancia em relac\u00e7\u00e3o \u00e0 actividade a desenvolver; apresentar 2 (duas) fotoc\u00f3pias do B.I coloridas; apresentar Certificado de Registo Criminal; apresentar 1 (uma) fotografia tipo-passe; apresentar, se necess\u00e1rio, outros documentos solicitados pelo Credor, considerados relevantes para a formaliza\u00e7\u00e3o do processo.<\/p>\n<p style=\"text-align: justify;\"><strong>Taxa de Juro<\/strong>: 3,55% a.m<br \/><strong>Per\u00edodo de Car\u00eancia<\/strong>: 3 Meses<br \/><strong>Montante M\u00ednimo<\/strong>: 500.000,00<br \/><strong>Montante M\u00e1ximo<\/strong>: 7.000.000,00<br \/><strong>Maturidade:<\/strong> At\u00e9 6 meses (1\u00ba Cr\u00e9dito), extens\u00edvel at\u00e9 24 meses, no m\u00e1ximo.<br \/><strong>Termos de Reembolso<\/strong>: Presta\u00e7\u00e3o mensal fixa de Capital e Juros.<\/p>\n<p style=\"text-align: justify;\"><strong>Garantias<\/strong>: Avalista; Penhor; Consigna\u00e7\u00e3o de sal\u00e1rios e\/ou rendimentos no Banco, com Instru\u00e7\u00e3o Permanente passada a favor do Credor; Outras.<\/p>","protected":false},"excerpt":{"rendered":"<p>Cr\u00e9dito destinado aos microempres\u00e1rios que pretendam investir no desenvolvimento de Softwares e tecnologias diversas. Segmento: Particulares e Empresas Perfil do Benefici\u00e1rio: Ter idade igual ou superior \u00e0 18 anos; apresentar&hellip;<\/p>\n","protected":false},"author":2,"featured_media":764,"parent":0,"menu_order":0,"comment_status":"closed","ping_status":"closed","template":"","meta":{"footnotes":""},"class_list":["post-761","page","type-page","status-publish","has-post-thumbnail","hentry"],"_links":{"self":[{"href":"https:\/\/wiliete.com\/credito\/index.php?rest_route=\/wp\/v2\/pages\/761","targetHints":{"allow":["GET"]}}],"collection":[{"href":"https:\/\/wiliete.com\/credito\/index.php?rest_route=\/wp\/v2\/pages"}],"about":[{"href":"https:\/\/wiliete.com\/credito\/index.php?rest_route=\/wp\/v2\/types\/page"}],"author":[{"embeddable":true,"href":"https:\/\/wiliete.com\/credito\/index.php?rest_route=\/wp\/v2\/users\/2"}],"replies":[{"embeddable":true,"href":"https:\/\/wiliete.com\/credito\/index.php?rest_route=%2Fwp%2Fv2%2Fcomments&post=761"}],"version-history":[{"count":4,"href":"https:\/\/wiliete.com\/credito\/index.php?rest_route=\/wp\/v2\/pages\/761\/revisions"}],"predecessor-version":[{"id":766,"href":"https:\/\/wiliete.com\/credito\/index.php?rest_route=\/wp\/v2\/pages\/761\/revisions\/766"}],"wp:featuredmedia":[{"embeddable":true,"href":"https:\/\/wiliete.com\/credito\/index.php?rest_route=\/wp\/v2\/media\/764"}],"wp:attachment":[{"href":"https:\/\/wiliete.com\/credito\/index.php?rest_route=%2Fwp%2Fv2%2Fmedia&parent=761"}],"curies":[{"name":"wp","href":"https:\/\/api.w.org\/{rel}","templated":true}]}}